{"id":8,"date":"2022-11-30T18:31:31","date_gmt":"2022-11-30T21:31:31","guid":{"rendered":"http:\/\/geriatriabsb.com.br\/?page_id=8"},"modified":"2022-11-30T19:28:33","modified_gmt":"2022-11-30T22:28:33","slug":"geriatria","status":"publish","type":"page","link":"https:\/\/geriatriabsb.com.br\/index.php\/geriatria\/","title":{"rendered":"Geriatria"},"content":{"rendered":"\t\t<div data-elementor-type=\"wp-page\" data-elementor-id=\"8\" class=\"elementor elementor-8\">\n\t\t\t\t\t\t\t\t\t<section class=\"elementor-section elementor-top-section elementor-element elementor-element-2bfcff3 elementor-section-boxed elementor-section-height-default elementor-section-height-default\" data-id=\"2bfcff3\" data-element_type=\"section\" data-settings=\"{&quot;background_background&quot;:&quot;classic&quot;}\">\n\t\t\t\t\t\t<div class=\"elementor-container elementor-column-gap-default\">\n\t\t\t\t\t<div class=\"elementor-column elementor-col-100 elementor-top-column elementor-element elementor-element-0f9b192\" data-id=\"0f9b192\" data-element_type=\"column\">\n\t\t\t<div class=\"elementor-widget-wrap elementor-element-populated\">\n\t\t\t\t\t\t\t\t<div class=\"elementor-element elementor-element-59211f6 elementor-widget elementor-widget-heading\" data-id=\"59211f6\" data-element_type=\"widget\" data-widget_type=\"heading.default\">\n\t\t\t\t<div class=\"elementor-widget-container\">\n\t\t\t<style>\/*! elementor - v3.8.1 - 13-11-2022 *\/\n.elementor-heading-title{padding:0;margin:0;line-height:1}.elementor-widget-heading .elementor-heading-title[class*=elementor-size-]>a{color:inherit;font-size:inherit;line-height:inherit}.elementor-widget-heading .elementor-heading-title.elementor-size-small{font-size:15px}.elementor-widget-heading .elementor-heading-title.elementor-size-medium{font-size:19px}.elementor-widget-heading .elementor-heading-title.elementor-size-large{font-size:29px}.elementor-widget-heading .elementor-heading-title.elementor-size-xl{font-size:39px}.elementor-widget-heading .elementor-heading-title.elementor-size-xxl{font-size:59px}<\/style><h2 class=\"elementor-heading-title elementor-size-default\">Geriatria E Seus Benef\u00edcios<\/h2>\t\t<\/div>\n\t\t\t\t<\/div>\n\t\t\t\t\t<\/div>\n\t\t<\/div>\n\t\t\t\t\t\t\t<\/div>\n\t\t<\/section>\n\t\t\t\t<section class=\"elementor-section elementor-top-section elementor-element elementor-element-edd28fa elementor-section-boxed elementor-section-height-default elementor-section-height-default\" data-id=\"edd28fa\" data-element_type=\"section\">\n\t\t\t\t\t\t<div class=\"elementor-container elementor-column-gap-default\">\n\t\t\t\t\t<div class=\"elementor-column elementor-col-50 elementor-top-column elementor-element elementor-element-0563691\" data-id=\"0563691\" data-element_type=\"column\">\n\t\t\t<div class=\"elementor-widget-wrap elementor-element-populated\">\n\t\t\t\t\t\t\t\t<div class=\"elementor-element elementor-element-b04c2f2 elementor-widget elementor-widget-heading\" data-id=\"b04c2f2\" data-element_type=\"widget\" data-widget_type=\"heading.default\">\n\t\t\t\t<div class=\"elementor-widget-container\">\n\t\t\t<h2 class=\"elementor-heading-title elementor-size-default\">Geriatria e o papel do Geriatra:<\/h2>\t\t<\/div>\n\t\t\t\t<\/div>\n\t\t\t\t<div class=\"elementor-element elementor-element-ffbfb96 elementor-widget elementor-widget-text-editor\" data-id=\"ffbfb96\" data-element_type=\"widget\" data-widget_type=\"text-editor.default\">\n\t\t\t\t<div class=\"elementor-widget-container\">\n\t\t\t<style>\/*! elementor - v3.8.1 - 13-11-2022 *\/\n.elementor-widget-text-editor.elementor-drop-cap-view-stacked .elementor-drop-cap{background-color:#818a91;color:#fff}.elementor-widget-text-editor.elementor-drop-cap-view-framed .elementor-drop-cap{color:#818a91;border:3px solid;background-color:transparent}.elementor-widget-text-editor:not(.elementor-drop-cap-view-default) .elementor-drop-cap{margin-top:8px}.elementor-widget-text-editor:not(.elementor-drop-cap-view-default) .elementor-drop-cap-letter{width:1em;height:1em}.elementor-widget-text-editor .elementor-drop-cap{float:left;text-align:center;line-height:1;font-size:50px}.elementor-widget-text-editor .elementor-drop-cap-letter{display:inline-block}<\/style>\t\t\t\t<p>Geriatria \u00e9 a especialidade m\u00e9dica que se integra na \u00e1rea da Gerontologia com o instrumental espec\u00edfico para atender aos objetivos da promo\u00e7\u00e3o da sa\u00fade, da preven\u00e7\u00e3o e do tratamento das doen\u00e7as, da reabilita\u00e7\u00e3o funcional e dos cuidados paliativos.<\/p><p>Geriatra \u00e9 o m\u00e9dico que se especializou no cuidado de pessoas idosas. Ele se torna especialista ap\u00f3s ter feito resid\u00eancia m\u00e9dica credenciada pela Comiss\u00e3o Nacional de Resid\u00eancia M\u00e9dica e\/ou ter sido aprovado no concurso para obten\u00e7\u00e3o do T\u00edtulo de Especialista em Geriatria da SBGG\/AMB.<\/p><p>O Geriatra atua sob a \u00f3tica da vis\u00e3o global e integrada do idoso, a realizar-se atrav\u00e9s de uma longa consulta cl\u00ednica e exame f\u00edsico completo, bem como aplica\u00e7\u00e3o de escalas e testes, com \u00eanfase sempre na preven\u00e7\u00e3o, diagn\u00f3stico precoce, reabilita\u00e7\u00e3o e cuidados paliativos das diversas doen\u00e7as que acometem o organismo envelhecido.<\/p><p>Atua sempre em conjunto com uma equipe multidisciplinar especializada em tratar idosos (fisioterapeuta, terapeuta ocupacional, enfermeiros, nutricionistas, assistente social, psicoterapeutas, dentistas, farmac\u00eauticos, entre outros).<\/p><p>Idosos que consultam\u00a0<strong>REGULARMENTE<\/strong>\u00a0um\u00a0<strong>GERIATRA<\/strong>\u00a0tem menor morbidade, consequentemente menor chance de interna\u00e7\u00e3o hospitalar e mortalidade, aliado \u00e0 maior expectativa de vida com maior qualidade de vida.<\/p>\t\t\t\t\t\t<\/div>\n\t\t\t\t<\/div>\n\t\t\t\t\t<\/div>\n\t\t<\/div>\n\t\t\t\t<div class=\"elementor-column elementor-col-50 elementor-top-column elementor-element elementor-element-18a4c80\" data-id=\"18a4c80\" data-element_type=\"column\">\n\t\t\t<div class=\"elementor-widget-wrap elementor-element-populated\">\n\t\t\t\t\t\t\t\t<div class=\"elementor-element elementor-element-6a92a63 elementor-widget elementor-widget-image\" data-id=\"6a92a63\" data-element_type=\"widget\" data-widget_type=\"image.default\">\n\t\t\t\t<div class=\"elementor-widget-container\">\n\t\t\t<style>\/*! elementor - v3.8.1 - 13-11-2022 *\/\n.elementor-widget-image{text-align:center}.elementor-widget-image a{display:inline-block}.elementor-widget-image a img[src$=\".svg\"]{width:48px}.elementor-widget-image img{vertical-align:middle;display:inline-block}<\/style>\t\t\t\t\t\t\t\t\t\t\t\t<img loading=\"lazy\" decoding=\"async\" width=\"800\" height=\"800\" src=\"https:\/\/geriatriabsb.com.br\/wp-content\/uploads\/2022\/11\/275214564_2018344921679143_8233101669515949727_n-1024x1024.jpg\" class=\"attachment-large size-large\" alt=\"\" srcset=\"https:\/\/geriatriabsb.com.br\/wp-content\/uploads\/2022\/11\/275214564_2018344921679143_8233101669515949727_n-1024x1024.jpg 1024w, https:\/\/geriatriabsb.com.br\/wp-content\/uploads\/2022\/11\/275214564_2018344921679143_8233101669515949727_n-300x300.jpg 300w, https:\/\/geriatriabsb.com.br\/wp-content\/uploads\/2022\/11\/275214564_2018344921679143_8233101669515949727_n-150x150.jpg 150w, https:\/\/geriatriabsb.com.br\/wp-content\/uploads\/2022\/11\/275214564_2018344921679143_8233101669515949727_n-768x768.jpg 768w, https:\/\/geriatriabsb.com.br\/wp-content\/uploads\/2022\/11\/275214564_2018344921679143_8233101669515949727_n.jpg 1080w\" sizes=\"(max-width: 800px) 100vw, 800px\" \/>\t\t\t\t\t\t\t\t\t\t\t\t\t\t\t<\/div>\n\t\t\t\t<\/div>\n\t\t\t\t<div class=\"elementor-element elementor-element-3af090e elementor-align-center elementor-widget elementor-widget-button\" data-id=\"3af090e\" data-element_type=\"widget\" data-widget_type=\"button.default\">\n\t\t\t\t<div class=\"elementor-widget-container\">\n\t\t\t\t\t<div class=\"elementor-button-wrapper\">\n\t\t\t<a href=\"https:\/\/api.whatsapp.com\/send?phone=5561999912375&#038;text=Ol%C3%A1%2C%20gostaria%20de%20agendar%20um%20atendimento\" class=\"elementor-button-link elementor-button elementor-size-sm\" role=\"button\">\n\t\t\t\t\t\t<span class=\"elementor-button-content-wrapper\">\n\t\t\t\t\t\t\t<span class=\"elementor-button-icon elementor-align-icon-right\">\n\t\t\t\t<i aria-hidden=\"true\" class=\"fas fa-arrow-right\"><\/i>\t\t\t<\/span>\n\t\t\t\t\t\t<span class=\"elementor-button-text\">Agendar Atendimento<\/span>\n\t\t<\/span>\n\t\t\t\t\t<\/a>\n\t\t<\/div>\n\t\t\t\t<\/div>\n\t\t\t\t<\/div>\n\t\t\t\t\t<\/div>\n\t\t<\/div>\n\t\t\t\t\t\t\t<\/div>\n\t\t<\/section>\n\t\t\t\t\t\t\t<\/div>\n\t\t","protected":false},"excerpt":{"rendered":"<p>Geriatria E Seus Benef\u00edcios Geriatria e o papel do Geriatra: Geriatria \u00e9 a especialidade m\u00e9dica que se integra na \u00e1rea da Gerontologia com o instrumental espec\u00edfico para atender aos objetivos da promo\u00e7\u00e3o da sa\u00fade, da preven\u00e7\u00e3o e do tratamento das doen\u00e7as, da reabilita\u00e7\u00e3o funcional e dos cuidados paliativos. Geriatra \u00e9 o m\u00e9dico que se especializou [&hellip;]<\/p>\n","protected":false},"author":1,"featured_media":0,"parent":0,"menu_order":0,"comment_status":"closed","ping_status":"closed","template":"elementor_header_footer","meta":{"footnotes":"","_joinchat":[]},"_links":{"self":[{"href":"https:\/\/geriatriabsb.com.br\/index.php\/wp-json\/wp\/v2\/pages\/8"}],"collection":[{"href":"https:\/\/geriatriabsb.com.br\/index.php\/wp-json\/wp\/v2\/pages"}],"about":[{"href":"https:\/\/geriatriabsb.com.br\/index.php\/wp-json\/wp\/v2\/types\/page"}],"author":[{"embeddable":true,"href":"https:\/\/geriatriabsb.com.br\/index.php\/wp-json\/wp\/v2\/users\/1"}],"replies":[{"embeddable":true,"href":"https:\/\/geriatriabsb.com.br\/index.php\/wp-json\/wp\/v2\/comments?post=8"}],"version-history":[{"count":10,"href":"https:\/\/geriatriabsb.com.br\/index.php\/wp-json\/wp\/v2\/pages\/8\/revisions"}],"predecessor-version":[{"id":78,"href":"https:\/\/geriatriabsb.com.br\/index.php\/wp-json\/wp\/v2\/pages\/8\/revisions\/78"}],"wp:attachment":[{"href":"https:\/\/geriatriabsb.com.br\/index.php\/wp-json\/wp\/v2\/media?parent=8"}],"curies":[{"name":"wp","href":"https:\/\/api.w.org\/{rel}","templated":true}]}}